{"id":847,"date":"2020-09-16T17:10:51","date_gmt":"2020-09-16T14:10:51","guid":{"rendered":"http:\/\/smarttwinning.org\/?page_id=847"},"modified":"2020-09-16T17:28:19","modified_gmt":"2020-09-16T14:28:19","slug":"materyaller","status":"publish","type":"page","link":"https:\/\/smarttwinning.corum.bel.tr\/en\/yayinlar\/materyaller\/","title":{"rendered":"Materyaller"},"content":{"rendered":"<p><a href=\"http:\/\/95.0.0.91\/download\/corum_belediyesi\/materyaller\/Akilli_mobilite.pdf\">Ak\u0131ll\u0131 Mobilite<\/a><\/p>\n<p><a href=\"http:\/\/95.0.0.91\/download\/corum_belediyesi\/materyaller\/Akilli_Sehir_ve_Kentlesme.pdf\">Ak\u0131ll\u0131 \u015eehir ve Kentle\u015fme<\/a><\/p>\n<p><a href=\"http:\/\/95.0.0.91\/download\/corum_belediyesi\/materyaller\/Altyapi_Uygulamalari.pdf\">Altyap\u0131 Uygulamalar\u0131<\/a><\/p>\n<p><a href=\"http:\/\/95.0.0.91\/download\/corum_belediyesi\/materyaller\/Bilesenler_ve_faydalar.pdf\">Bile\u015fenler ve Faydalar<\/a><\/p>\n<p><a href=\"http:\/\/95.0.0.91\/download\/corum_belediyesi\/materyaller\/Cevresaglikguvenlikuygulamalari.pdf\">\u00c7evre Sa\u011fl\u0131k G\u00fcvenlik Uygulamalar\u0131<\/a><\/p>\n<p><a href=\"http:\/\/95.0.0.91\/download\/corum_belediyesi\/materyaller\/Dunyadaakillisehirler.pdf\">D\u00fcnyadaki Ak\u0131ll\u0131 \u015eehirler<\/a><\/p>\n<p><a href=\"http:\/\/95.0.0.91\/download\/corum_belediyesi\/materyaller\/Enerjiuygulamalari.pdf\">Enerji Uygulamalar\u0131<\/a><\/p>\n<p><a href=\"http:\/\/95.0.0.91\/download\/corum_belediyesi\/materyaller\/Genelbakis.pdf\">Genel Bak\u0131\u015f<\/a><\/p>\n<p><a href=\"http:\/\/95.0.0.91\/download\/corum_belediyesi\/materyaller\/Ulasimuygulamalari.pdf\">Ula\u015f\u0131m Uygulamalar\u0131<\/a><\/p>\n<p><a href=\"http:\/\/95.0.0.91\/download\/corum_belediyesi\/materyaller\/Ulusalakillisehirlerstratejiveeylemplani.pdf\">Ulusal Ak\u0131ll\u0131 \u015eehirler Strateji ve Eylem Plan\u0131<\/a><\/p>\n","protected":false},"excerpt":{"rendered":"<p>Ak\u0131ll\u0131 Mobilite Ak\u0131ll\u0131 \u015eehir ve Kentle\u015fme Altyap\u0131 Uygulamalar\u0131 Bile\u015fenler ve Faydalar \u00c7evre Sa\u011fl\u0131k G\u00fcvenlik Uygulamalar\u0131 D\u00fcnyadaki Ak\u0131ll\u0131 \u015eehirler Enerji Uygulamalar\u0131 Genel Bak\u0131\u015f Ula\u015f\u0131m Uygulamalar\u0131 Ulusal&hellip; <\/p>\n","protected":false},"author":1,"featured_media":0,"parent":431,"menu_order":1,"comment_status":"closed","ping_status":"closed","template":"","meta":[],"_links":{"self":[{"href":"https:\/\/smarttwinning.corum.bel.tr\/en\/wp-json\/wp\/v2\/pages\/847"}],"collection":[{"href":"https:\/\/smarttwinning.corum.bel.tr\/en\/wp-json\/wp\/v2\/pages"}],"about":[{"href":"https:\/\/smarttwinning.corum.bel.tr\/en\/wp-json\/wp\/v2\/types\/page"}],"author":[{"embeddable":true,"href":"https:\/\/smarttwinning.corum.bel.tr\/en\/wp-json\/wp\/v2\/users\/1"}],"replies":[{"embeddable":true,"href":"https:\/\/smarttwinning.corum.bel.tr\/en\/wp-json\/wp\/v2\/comments?post=847"}],"version-history":[{"count":3,"href":"https:\/\/smarttwinning.corum.bel.tr\/en\/wp-json\/wp\/v2\/pages\/847\/revisions"}],"predecessor-version":[{"id":860,"href":"https:\/\/smarttwinning.corum.bel.tr\/en\/wp-json\/wp\/v2\/pages\/847\/revisions\/860"}],"up":[{"embeddable":true,"href":"https:\/\/smarttwinning.corum.bel.tr\/en\/wp-json\/wp\/v2\/pages\/431"}],"wp:attachment":[{"href":"https:\/\/smarttwinning.corum.bel.tr\/en\/wp-json\/wp\/v2\/media?parent=847"}],"curies":[{"name":"wp","href":"https:\/\/api.w.org\/{rel}","templated":true}]}}