{"id":796,"date":"2020-01-09T11:58:47","date_gmt":"2020-01-09T08:58:47","guid":{"rendered":"http:\/\/smarttwinning.org\/?page_id=796"},"modified":"2020-01-10T14:42:50","modified_gmt":"2020-01-10T11:42:50","slug":"yarisma-sonucu","status":"publish","type":"page","link":"https:\/\/smarttwinning.corum.bel.tr\/en\/yarisma-sonucu\/","title":{"rendered":"Contest Result"},"content":{"rendered":"<table width=\"804\">\n<tbody>\n<tr>\n<td colspan=\"4\" width=\"804\">Ak\u0131ll\u0131 \u015eehir Fikir ve Proje Yar\u0131\u015fmas\u0131 sonu\u00e7lanm\u0131\u015ft\u0131r. \u00d6d\u00fcl kazanan ba\u015fvuru sahipleri;<\/td>\n<\/tr>\n<tr>\n<td><\/td>\n<td><\/td>\n<td><\/td>\n<td><\/td>\n<\/tr>\n<tr>\n<td><\/td>\n<td>Fikir veya Projenin Ad\u0131:<\/td>\n<td>Ba\u015fvuru Sahibi\/Sahipleri<\/td>\n<td>Okul veya \u00dcniversite Ad\u0131<\/td>\n<\/tr>\n<tr>\n<td width=\"126\">Birincilik \u00d6d\u00fcl\u00fc<\/td>\n<td>Mobil Su Sayac\u0131<\/td>\n<td width=\"167\">Recep Utku Kona\u00e7<br \/>\nArda Sercan Uysal<br \/>\nTunahan Ar\u0131<\/td>\n<td>Atat\u00fcrk Anadolu Lisesi<\/td>\n<\/tr>\n<tr>\n<td width=\"126\">\u0130kincilik \u00d6d\u00fcl\u00fc<\/td>\n<td>\u00c7orum Y\u00fcr\u00fcyor<\/td>\n<td>Seyit K\u0131l\u0131\u00e7<\/td>\n<td>Hitit \u00fcniversitesi teknik bilimler meslek y\u00fcksek okulu<\/td>\n<\/tr>\n<tr>\n<td width=\"126\">\u00dc\u00e7\u00fcnc\u00fcl\u00fck \u00d6d\u00fcl\u00fc<\/td>\n<td>Ak\u0131ll\u0131 Engelsiz Otopark<\/td>\n<td>S\u0131la T\u00dcRKO\u011eLU<\/td>\n<td>\u00c7orum Final Akademik Anadolu Lisesi 9\/A<\/td>\n<\/tr>\n<tr>\n<td width=\"126\">Tasar\u0131m \u00d6zel\u00a0 \u00d6d\u00fcl\u00fc<\/td>\n<td>Engelsiz Ya\u015fam \u0130stasyonu<\/td>\n<td>Azra K\u0131l\u0131\u00e7<\/td>\n<td>\u00d6zel P\u0131nar Koleji Ortaokulu 7. S\u0131n\u0131f<\/td>\n<\/tr>\n<tr>\n<td width=\"126\">Tasar\u0131m \u00d6zel \u00d6d\u00fcl\u00fc<\/td>\n<td>Ak\u0131ll\u0131 Asans\u00f6r Ev<\/td>\n<td>Asya \u00d6KS\u00dcZ-Suhan KIRI\u015e<\/td>\n<td>\u00c7orum Bilim ve Sanat Merkezi<\/td>\n<\/tr>\n<tr>\n<td><\/td>\n<td><\/td>\n<td><\/td>\n<td><\/td>\n<\/tr>\n<tr>\n<td colspan=\"4\" width=\"804\">Yar\u0131\u015fma \u00f6d\u00fclleri &#8220;Ak\u0131ll\u0131 \u015eehir Yol Haritas\u0131 Kapan\u0131\u015f Toplant\u0131s\u0131&#8221;nda sahiplerine verilecektir.<\/td>\n<\/tr>\n<tr>\n<td width=\"126\">Toplant\u0131 Tarihi:<\/td>\n<td>14 Ocak 2020 Sal\u0131<\/td>\n<td><\/td>\n<td><\/td>\n<\/tr>\n<tr>\n<td width=\"126\">Saat:<\/td>\n<td>10:15<\/td>\n<td><\/td>\n<td><\/td>\n<\/tr>\n<tr>\n<td width=\"126\">Yer:<\/td>\n<td>Anitta Otel<\/td>\n<td><\/td>\n<td><\/td>\n<\/tr>\n<\/tbody>\n<\/table>\n","protected":false},"excerpt":{"rendered":"<p>Ak\u0131ll\u0131 \u015eehir Fikir ve Proje Yar\u0131\u015fmas\u0131 sonu\u00e7lanm\u0131\u015ft\u0131r. \u00d6d\u00fcl kazanan ba\u015fvuru sahipleri; Fikir veya Projenin Ad\u0131: Ba\u015fvuru Sahibi\/Sahipleri Okul veya \u00dcniversite Ad\u0131 Birincilik \u00d6d\u00fcl\u00fc Mobil Su&hellip; <\/p>\n","protected":false},"author":1,"featured_media":0,"parent":0,"menu_order":0,"comment_status":"closed","ping_status":"closed","template":"","meta":[],"_links":{"self":[{"href":"https:\/\/smarttwinning.corum.bel.tr\/en\/wp-json\/wp\/v2\/pages\/796"}],"collection":[{"href":"https:\/\/smarttwinning.corum.bel.tr\/en\/wp-json\/wp\/v2\/pages"}],"about":[{"href":"https:\/\/smarttwinning.corum.bel.tr\/en\/wp-json\/wp\/v2\/types\/page"}],"author":[{"embeddable":true,"href":"https:\/\/smarttwinning.corum.bel.tr\/en\/wp-json\/wp\/v2\/users\/1"}],"replies":[{"embeddable":true,"href":"https:\/\/smarttwinning.corum.bel.tr\/en\/wp-json\/wp\/v2\/comments?post=796"}],"version-history":[{"count":3,"href":"https:\/\/smarttwinning.corum.bel.tr\/en\/wp-json\/wp\/v2\/pages\/796\/revisions"}],"predecessor-version":[{"id":816,"href":"https:\/\/smarttwinning.corum.bel.tr\/en\/wp-json\/wp\/v2\/pages\/796\/revisions\/816"}],"wp:attachment":[{"href":"https:\/\/smarttwinning.corum.bel.tr\/en\/wp-json\/wp\/v2\/media?parent=796"}],"curies":[{"name":"wp","href":"https:\/\/api.w.org\/{rel}","templated":true}]}}