{"id":425,"date":"2019-04-24T15:47:24","date_gmt":"2019-04-24T12:47:24","guid":{"rendered":"http:\/\/deneme.corum.bel.tr\/?page_id=425"},"modified":"2019-06-13T08:15:50","modified_gmt":"2019-06-13T05:15:50","slug":"takim","status":"publish","type":"page","link":"https:\/\/smarttwinning.corum.bel.tr\/en\/takim\/","title":{"rendered":"Team"},"content":{"rendered":"<p><a href=\"http:\/\/smarttwinning.org\/wp-content\/uploads\/2019\/06\/image1.png\"><img loading=\"lazy\" class=\"aligncenter size-full wp-image-675\" src=\"http:\/\/smarttwinning.org\/wp-content\/uploads\/2019\/06\/image1.png\" alt=\"\" width=\"663\" height=\"260\" srcset=\"https:\/\/smarttwinning.corum.bel.tr\/wp-content\/uploads\/2019\/06\/image1.png 663w, https:\/\/smarttwinning.corum.bel.tr\/wp-content\/uploads\/2019\/06\/image1-300x118.png 300w\" sizes=\"(max-width: 663px) 100vw, 663px\" \/><\/a><\/p>\n<div><b>Implementation Unit of Project<\/b><\/p>\n<p>Applicant \u00c7orum Municipality, Co-Applicant Szarvas Municipality, Co-<br \/>\napplicant Tel\u0161iai District Municipality, Co-Applicant Hitit University,<br \/>\nCo-Applicant \u00c7orum Chamber of Trade and Industry<\/p><\/div>\n<div><\/div>\n<div><b>Project team <\/b><\/p>\n<p>Project Coordinator \u00a0 \u00a0; \u00d6mer Maz<br \/>\nProject Co-coordinator ; Mehmet Ayd\u0131nkal<br \/>\nManagerial Secratary \u00a0 ; Ahmet Erkan Cihangir<br \/>\nFinancial Coordinator \u00a0; Do\u011fan Demirci<\/p>\n<p><b>Experts on the project<\/b><\/p>\n<p>\u00c7orum Municipality \u00a0 \u00a0 \u00a0 \u00a0 \u00a0 \u00a0; Mehmet Nuri Burhan<br \/>\n\u00c7orum Municipality \u00a0 \u00a0 \u00a0 \u00a0 \u00a0 \u00a0; Talat Tekin<br \/>\nHitit University\u00a0 \u00a0 \u00a0 \u00a0 \u00a0 \u00a0 \u00a0 \u00a0 \u00a0 \u00a0 ; Esra Damar<br \/>\nSzarvas Municipality \u00a0 \u00a0 \u00a0 \u00a0 \u00a0; Eszter M\u00e1cs\u00e1r Prievar\u00e1n\u00e9<br \/>\nTel\u0161iai District Municipality ; Evelina DIR\u017dININKIEN\u0116<\/p><\/div>\n<div><\/div>\n<div><a href=\"http:\/\/smarttwinning.org\/wp-content\/uploads\/2019\/06\/image.png\"><img loading=\"lazy\" class=\"aligncenter size-full wp-image-676\" src=\"http:\/\/smarttwinning.org\/wp-content\/uploads\/2019\/06\/image.png\" alt=\"\" width=\"1521\" height=\"783\" srcset=\"https:\/\/smarttwinning.corum.bel.tr\/wp-content\/uploads\/2019\/06\/image.png 1521w, https:\/\/smarttwinning.corum.bel.tr\/wp-content\/uploads\/2019\/06\/image-300x154.png 300w, https:\/\/smarttwinning.corum.bel.tr\/wp-content\/uploads\/2019\/06\/image-768x395.png 768w, https:\/\/smarttwinning.corum.bel.tr\/wp-content\/uploads\/2019\/06\/image-1024x527.png 1024w\" sizes=\"(max-width: 1521px) 100vw, 1521px\" \/><\/a><\/div>\n","protected":false},"excerpt":{"rendered":"<p>Implementation Unit of Project Applicant \u00c7orum Municipality, Co-Applicant Szarvas Municipality, Co- applicant Tel\u0161iai District Municipality, Co-Applicant Hitit University, Co-Applicant \u00c7orum Chamber of Trade and Industry&hellip; <\/p>\n","protected":false},"author":1,"featured_media":0,"parent":0,"menu_order":4,"comment_status":"closed","ping_status":"closed","template":"","meta":[],"_links":{"self":[{"href":"https:\/\/smarttwinning.corum.bel.tr\/en\/wp-json\/wp\/v2\/pages\/425"}],"collection":[{"href":"https:\/\/smarttwinning.corum.bel.tr\/en\/wp-json\/wp\/v2\/pages"}],"about":[{"href":"https:\/\/smarttwinning.corum.bel.tr\/en\/wp-json\/wp\/v2\/types\/page"}],"author":[{"embeddable":true,"href":"https:\/\/smarttwinning.corum.bel.tr\/en\/wp-json\/wp\/v2\/users\/1"}],"replies":[{"embeddable":true,"href":"https:\/\/smarttwinning.corum.bel.tr\/en\/wp-json\/wp\/v2\/comments?post=425"}],"version-history":[{"count":3,"href":"https:\/\/smarttwinning.corum.bel.tr\/en\/wp-json\/wp\/v2\/pages\/425\/revisions"}],"predecessor-version":[{"id":677,"href":"https:\/\/smarttwinning.corum.bel.tr\/en\/wp-json\/wp\/v2\/pages\/425\/revisions\/677"}],"wp:attachment":[{"href":"https:\/\/smarttwinning.corum.bel.tr\/en\/wp-json\/wp\/v2\/media?parent=425"}],"curies":[{"name":"wp","href":"https:\/\/api.w.org\/{rel}","templated":true}]}}